{"id":575,"date":"2019-04-22T11:57:31","date_gmt":"2019-04-22T11:57:31","guid":{"rendered":"https:\/\/promo-theme.com\/mato\/?page_id=575"},"modified":"2023-05-16T16:45:41","modified_gmt":"2023-05-16T19:45:41","slug":"a-empresa","status":"publish","type":"page","link":"https:\/\/didafashion.com.br\/en\/a-empresa\/","title":{"rendered":"A Empresa"},"content":{"rendered":"<section class=\"wpb-content-wrapper\"><div data-vc-full-width=\"true\" data-vc-full-width-init=\"false\" data-vc-stretch-content=\"true\" class=\"vc_row wpb_row vc_row-fluid vc_row-5cda53519cfac vc_row-no-padding\"><div class=\"wpb_column vc_column_container vc_col-sm-12 vc_row-69d6df6100fd8\"><div class=\"vc_column-inner\"><div class=\"wpb_wrapper\">    <section class=\"banner-area banner-area-5cda52fa5e0a5 banner-default\">\n            <div class=\"banner-item tac\" style=\"height: 380px;\">\n        \n    <div class=\"bg-overlay\">\n                        <div class=\"image\" data-parallax=\"true\" data-image-src=\"https:\/\/didafashion.com.br\/wp-content\/uploads\/2023\/05\/889897.jpg\" data-position-y=\"center\" data-speed=\"0.8\"><\/div>\n                                <div class=\"color\"><\/div>\n          <\/div>\n\n            <div class=\"container\">\n          <div class=\"row align-items-center fixed-height\" style=\"height: 380px;\">\n            <div class=\"col\">\n                              <div class=\"heading-block tac\">\n                                      <div class=\"sub-h\">A Dida fashion existe por amor \u00e0 moda.<\/div>\n                                      <h1 class=\"h\"><span>Quem<\/span> Somos<\/h1>\n                                  <\/div>\n                          <\/div>\n          <\/div>\n        <\/div>\n      <\/div>\n    <\/section>\n    <\/div><\/div><\/div><\/div><div class=\"vc_row-full-width vc_clearfix\"><\/div><div class=\"vc_row wpb_row vc_row-fluid vc_custom_1682347124784 vc_row-5cc2de9e1c856\"><div class=\"wpb_animate_when_almost_visible wpb_fadeInLeft fadeInLeft wpb_column vc_column_container vc_col-sm-6 vc_row-5ce2704f46cd9\"><div class=\"vc_column-inner\"><div class=\"wpb_wrapper\"><div class=\"vc_empty_space\"   style=\"height: 50px\"><span class=\"vc_empty_space_inner\"><\/span><\/div>\n\t<div class=\"wpb_text_column wpb_content_element  text-t1\" >\n\t\t<div class=\"wpb_wrapper\">\n\t\t\t<p style=\"text-align: center;\">A Dida Fashion nasceu em 1994, com a vontade de atender<br \/>\nseus amigos com o melhor da moda e ao longo destes anos, a Dida fashion se diversificou e<br \/>\nconta, atualmente, com uma linha linda de produtos, dentre eles, roupas, bolsas, sapatos e \u00f3culos.<\/p>\n\n\t\t<\/div>\n\t<\/div>\n<div class=\"vc_empty_space\"   style=\"height: 25px\"><span class=\"vc_empty_space_inner\"><\/span><\/div>\n\t<div class=\"wpb_text_column wpb_content_element  text-t1\" >\n\t\t<div class=\"wpb_wrapper\">\n\t\t\t<p style=\"text-align: center;\">Hoje, a loja \u00e9 refer\u00eancia na cidade de Hortol\u00e2ndia no<br \/>\nsegmento da moda casual e sua linha de produtos \u00e9<br \/>\nreconhecida por seu design sofisticado e moderno.<br \/>\nAs pessoas que se identificam com a loja gostam de<br \/>\nmesclar informa\u00e7\u00f5es, estar atualizado e de bem com a vida.<\/p>\n\n\t\t<\/div>\n\t<\/div>\n<div class=\"vc_empty_space\"   style=\"height: 50px\"><span class=\"vc_empty_space_inner\"><\/span><\/div><\/div><\/div><\/div><div class=\"wpb_animate_when_almost_visible wpb_fadeInRight fadeInRight wpb_column vc_column_container vc_col-sm-6 vc_row-5ce2705794257\"><div class=\"vc_column-inner\"><div class=\"wpb_wrapper\">    <section class=\"banner-area banner-area-62293304b0263 banner-style1 bsl-left swiper-container\">\n              <div class=\"mouse-button on-right\" data-magic-cursor=\"link-small\">\n                      <span>Scroll Down<\/span>\n                  <\/div>\n                        <div class=\"banner-social-links\">\n            <div class=\"social-links-with-label\"><a href=\"https:\/\/www.facebook.com\/didafashionloja\" target=\"_self\"><i class=\"fab fa-facebook-square\"><\/i><span>Facebook<\/span><\/a><a href=\"https:\/\/www.instagram.com\/didafashionloja\/\" target=\"_self\"><i class=\"fab fa-instagram\"><\/i><span>Instagram<\/span><\/a><a href=\"https:\/\/api.whatsapp.com\/send?phone=5555199741468&#038;text=Ol%C3%A1%20Dida%20Fashion,%20estou%20entrando%20em%20contato%20atrav%C3%A9s%20do%20site.\" target=\"_self\"><i class=\"fab fa-whatsapp-square\"><\/i><span>Whatsapp<\/span><\/a><\/div>\n          <\/div>\n                    <div class=\"banner-slider swiper-wrapper full-height\" style=\"\">\n            <div class=\"swiper-slide\">\n      <div class=\"banner-item banner-item-6229331173dc9 tal\">\n        \n    <div class=\"bg-overlay\">\n                        <div class=\"image\" style=\"background-image: url(https:\/\/didafashion.com.br\/wp-content\/uploads\/2023\/04\/unnamed.jpg)\"><\/div>\n                            <\/div>\n\n            <div class=\"container\">\n          <div class=\"row full-height align-items-center\" style=\"\">\n            <div class=\"col\">\n                          <\/div>\n          <\/div>\n        <\/div>\n      <\/div>\n    <\/div>\n        <div class=\"swiper-slide\">\n      <div class=\"banner-item banner-item-622935e7e50c4 tal\">\n        \n    <div class=\"bg-overlay\">\n                        <div class=\"image\" style=\"background-image: url(https:\/\/didafashion.com.br\/wp-content\/uploads\/2023\/04\/0004.jpg)\"><\/div>\n                            <\/div>\n\n            <div class=\"container\">\n          <div class=\"row full-height align-items-center\" style=\"\">\n            <div class=\"col\">\n                          <\/div>\n          <\/div>\n        <\/div>\n      <\/div>\n    <\/div>\n        <div class=\"swiper-slide\">\n      <div class=\"banner-item banner-item-62293322bbfeb tal\">\n        \n    <div class=\"bg-overlay\">\n                        <div class=\"image\" style=\"background-image: url(https:\/\/didafashion.com.br\/wp-content\/uploads\/2023\/04\/0003.jpg)\"><\/div>\n                            <\/div>\n\n            <div class=\"container\">\n          <div class=\"row full-height align-items-center\" style=\"\">\n            <div class=\"col\">\n                          <\/div>\n          <\/div>\n        <\/div>\n      <\/div>\n    <\/div>\n          <\/div>\n    <\/section>\n\n    <\/div><\/div><\/div><\/div><div class=\"vc_row wpb_row vc_row-fluid vc_custom_1682347163346 vc_row-5cda4ee30db7a vc_column-gap-30 vc_row-o-equal-height vc_row-flex\"><div class=\"wpb_animate_when_almost_visible wpb_flipInX flipInX wpb_column vc_column_container vc_col-sm-12 vc_row-631f4581bd4ae\"><div class=\"vc_column-inner\"><div class=\"wpb_wrapper\">      <div class=\"heading-block heading-5cda4d464f2b7 tac h-h5 with-bottom-line vc_custom_1682346111583\">\n                  <h5 class=\"h\">Moda Feminina Para Todas as Esta\u00e7\u00f5es, Variedade em Tamanhos e Modelos<\/h5>\n              <\/div>\n    <\/div><\/div><\/div><div class=\"side-img wpb_animate_when_almost_visible wpb_fadeInLeft fadeInLeft wpb_column vc_column_container vc_col-sm-6 vc_row-5cda4dda9899d vc_col-has-fill\"><div class=\"vc_column-inner vc_custom_1682440549835\"><div class=\"wpb_wrapper\">      <div class=\"heading-block heading-5cd030d83dcff tal h-h4 mode-overlay\">\n                  <h4 class=\"h\">Somos Referencia em <span>Hortol\u00e2ndia<\/span><br \/>\ne Regi\u00e3o<\/h4>\n              <\/div>\n    <\/div><\/div><\/div><div class=\"wpb_animate_when_almost_visible wpb_fadeInRight fadeInRight wpb_column vc_column_container vc_col-sm-6 vc_row-631f459561333\"><div class=\"vc_column-inner\"><div class=\"wpb_wrapper\">    <div class=\"tabs-block tabs-block-5cd032c6c81cd horizontal\">\r\n      <div class=\"tb-buttons\">\r\n                  <div class=\"button\" data-magic-cursor=\"link-small\" data-title=\"Miss\u00e3o\"><span>Miss\u00e3o<\/span><\/div>\r\n                  <div class=\"button\" data-magic-cursor=\"link-small\" data-title=\"Vis\u00e3o\"><span>Vis\u00e3o<\/span><\/div>\r\n                  <div class=\"button\" data-magic-cursor=\"link-small\" data-title=\"Valores\"><span>Valores<\/span><\/div>\r\n              <\/div>\r\n      <div class=\"tb-wrap\">\r\n            <div class=\"wrap\">\r\n      <div class=\"tb-m-button\"><span>Miss\u00e3o<\/span><\/div>\r\n      <div class=\"wrap-inner\">\r\n        <div class=\"inner-content\">\r\n                <div class=\"heading-block heading-5cd032dd0c0ce tac h-h5 type-accent\">\n                  <h5 class=\"h\">Nossa <span>Miss\u00e3o<\/span><\/h5>\n              <\/div>\n    \n\t<div class=\"wpb_text_column wpb_content_element  text-t1\" >\n\t\t<div class=\"wpb_wrapper\">\n\t\t\t<p style=\"text-align: center;\">A Dida fashion existe por amor \u00e0 moda. Acreditamos no fortalecimento da individualidade. Nossa Miss\u00e3o \u00e9 levar a melhor curadoria do universo fashion, trazendo mais que roupas um estilo de vida para os apaixonados por moda de todo Mundo.<\/p>\n\n\t\t<\/div>\n\t<\/div>\n        <\/div>\r\n      <\/div>\r\n    <\/div>\r\n        <div class=\"wrap\">\r\n      <div class=\"tb-m-button\"><span>Vis\u00e3o<\/span><\/div>\r\n      <div class=\"wrap-inner\">\r\n        <div class=\"inner-content\">\r\n                <div class=\"heading-block heading-62296240d78ad tac h-h5 type-accent\">\n                  <h5 class=\"h\">Nossa <span>Vis\u00e3o<\/span><\/h5>\n              <\/div>\n    \n\t<div class=\"wpb_text_column wpb_content_element  text-t1\" >\n\t\t<div class=\"wpb_wrapper\">\n\t\t\t<p style=\"text-align: center;\">Ser uma refer\u00eancia reunindo as melhores marcas de roupas mantendo assim um v\u00ednculo com qualidade de vida e de pessoas.<\/p>\n\n\t\t<\/div>\n\t<\/div>\n        <\/div>\r\n      <\/div>\r\n    <\/div>\r\n        <div class=\"wrap\">\r\n      <div class=\"tb-m-button\"><span>Valores<\/span><\/div>\r\n      <div class=\"wrap-inner\">\r\n        <div class=\"inner-content\">\r\n                <div class=\"heading-block heading-6229625492f81 tac h-h5 type-accent\">\n                  <h5 class=\"h\">Nossos <span>Valores<\/span><\/h5>\n              <\/div>\n    \n\t<div class=\"wpb_text_column wpb_content_element  text-t1\" >\n\t\t<div class=\"wpb_wrapper\">\n\t\t\t<p style=\"text-align: center;\">Empresa inovadora que proporciona modernidade, atendendo assim a necessidade do p\u00fablico.<\/p>\n<p>\u00a0<\/p>\n\n\t\t<\/div>\n\t<\/div>\n        <\/div>\r\n      <\/div>\r\n    <\/div>\r\n          <\/div>\r\n    <\/div>\r\n    <\/div><\/div><\/div><\/div><div class=\"vc_row wpb_row vc_row-fluid vc_row-69d6df6102745\"><div class=\"wpb_column vc_column_container vc_col-sm-12 vc_row-69d6df610280f\"><div class=\"vc_column-inner\"><div class=\"wpb_wrapper\"><div class=\"vc_empty_space\"   style=\"height: 50px\"><span class=\"vc_empty_space_inner\"><\/span><\/div><\/div><\/div><\/div><\/div><div class=\"vc_row wpb_row vc_row-fluid vc_row-69d6df6102924\"><div class=\"wpb_column vc_column_container vc_col-sm-12 vc_row-69d6df61029c5\"><div class=\"vc_column-inner\"><div class=\"wpb_wrapper\">\n\t<div class=\"wpb_text_column wpb_content_element\" >\n\t\t<div class=\"wpb_wrapper\">\n\t\t\t\n\t\t<\/div>\n\t<\/div>\n<\/div><\/div><\/div><\/div>\n<\/section>","protected":false},"excerpt":{"rendered":"A Dida fashion existe por amor \u00e0 moda. Quem Somos A Dida Fashion nasceu em 1994, com a vontade de atender seus amigos com o melhor da moda e ao longo destes anos, a Dida fashion se diversificou e conta, atualmente, com uma linha linda de produtos, dentre eles, roupas, bolsas, sapatos e \u00f3culos. Hoje, [...]","protected":false},"author":1,"featured_media":0,"parent":0,"menu_order":0,"comment_status":"closed","ping_status":"closed","template":"template-landing.php","meta":{"_acf_changed":false,"_joinchat":[],"footnotes":""},"class_list":["post-575","page","type-page","status-publish","hentry"],"acf":[],"_links":{"self":[{"href":"https:\/\/didafashion.com.br\/en\/wp-json\/wp\/v2\/pages\/575","targetHints":{"allow":["GET"]}}],"collection":[{"href":"https:\/\/didafashion.com.br\/en\/wp-json\/wp\/v2\/pages"}],"about":[{"href":"https:\/\/didafashion.com.br\/en\/wp-json\/wp\/v2\/types\/page"}],"author":[{"embeddable":true,"href":"https:\/\/didafashion.com.br\/en\/wp-json\/wp\/v2\/users\/1"}],"replies":[{"embeddable":true,"href":"https:\/\/didafashion.com.br\/en\/wp-json\/wp\/v2\/comments?post=575"}],"version-history":[{"count":11,"href":"https:\/\/didafashion.com.br\/en\/wp-json\/wp\/v2\/pages\/575\/revisions"}],"predecessor-version":[{"id":1578,"href":"https:\/\/didafashion.com.br\/en\/wp-json\/wp\/v2\/pages\/575\/revisions\/1578"}],"wp:attachment":[{"href":"https:\/\/didafashion.com.br\/en\/wp-json\/wp\/v2\/media?parent=575"}],"curies":[{"name":"wp","href":"https:\/\/api.w.org\/{rel}","templated":true}]}}