{"id":1541,"date":"2023-05-16T12:25:23","date_gmt":"2023-05-16T15:25:23","guid":{"rendered":"https:\/\/didafashion.com.br\/?post_type=product&#038;p=1541"},"modified":"2023-05-16T12:31:27","modified_gmt":"2023-05-16T15:31:27","slug":"calca-morena-rosa-new-shape-cos-alto-barra-refilada-jeans","status":"publish","type":"product","link":"https:\/\/didafashion.com.br\/en\/product\/calca-morena-rosa-new-shape-cos-alto-barra-refilada-jeans\/","title":{"rendered":"Calca Morena Rosa New Shape C\u00f3s Alto Barra Refilada Jeans"},"content":{"rendered":"<p>O repert\u00f3rio de cal\u00e7as da Morena Rosa conta com pe\u00e7as vers\u00e1teis, com design encantador feitas para mulheres cheias de atitude que adoram uma moda vers\u00e1til e atual. De modelos em alfaiataria at\u00e9 o Jeans desejo, o look est\u00e1 garantido. Escolha seu preferido e arrase!<\/p>","protected":false},"excerpt":{"rendered":"<p>Parte PE\u00c7A<\/p>\n<p>Composi\u00e7\u00f5es:<\/p>\n<p>ALGOD\u00c3O 100%,<\/p>\n<p>Parte FORRO<\/p>\n<p>Composi\u00e7\u00f5es: ALGOD\u00c3O 58%,<\/p>\n<p>POLIESTER 42%<\/p>\n<p>&nbsp;<\/p>\n<p>Tem interesse?<br \/>\nPreencha o formulario abaixo que em instantes um de nossas vendedoras entrara em contato via Whatsapp.<\/p>\n<div class=\"wpcf7 no-js\" id=\"wpcf7-f9-o1\" lang=\"pt-BR\" dir=\"ltr\" data-wpcf7-id=\"9\">\n<div class=\"screen-reader-response\">\n<p role=\"status\" aria-live=\"polite\" aria-atomic=\"true\">\n<ul><\/ul>\n<\/div>\n<form action=\"\/en\/wp-json\/wp\/v2\/product\/1541#wpcf7-f9-o1\" method=\"post\" class=\"wpcf7-form init\" aria-label=\"Formul\u00e1rios de contato\" novalidate=\"novalidate\" data-status=\"init\" data-trp-original-action=\"\/en\/wp-json\/wp\/v2\/product\/1541#wpcf7-f9-o1\">\n<fieldset class=\"hidden-fields-container\"><input type=\"hidden\" name=\"_wpcf7\" value=\"9\" \/><input type=\"hidden\" name=\"_wpcf7_version\" value=\"6.1.5\" \/><input type=\"hidden\" name=\"_wpcf7_locale\" value=\"pt_BR\" \/><input type=\"hidden\" name=\"_wpcf7_unit_tag\" value=\"wpcf7-f9-o1\" \/><input type=\"hidden\" name=\"_wpcf7_container_post\" value=\"0\" \/><input type=\"hidden\" name=\"_wpcf7_posted_data_hash\" value=\"\" \/><br \/>\n<\/fieldset>\n<div class=\"career-form\">\n<p class=\"title-small text-uppercase black-text\">\nTem Interesse? <\/p>\n<p class=\"text-med margin-five\">Preencha o formulario abaixo com o nome do produto que deseja e tamanho que em instantes uma de nossas vendedoras entrara em contato.<\/p>\n<div class=\"separator-line bg-black no-margin-lr margin-ten\"><\/div>\n<div class=\"contact-form\">\n<div class=\"input-row\"><label>Seu Nome <span>*<\/span><\/label><span class=\"wpcf7-form-control-wrap\" data-name=\"f-name\"><input size=\"40\" maxlength=\"400\" class=\"wpcf7-form-control wpcf7-text style1\" aria-invalid=\"false\" value=\"\" type=\"text\" name=\"f-name\" \/><\/span><\/div>\n<div class=\"input-row\"><label>Seu Telefone <span>*<\/span><\/label><span class=\"wpcf7-form-control-wrap\" data-name=\"tel-554\"><input size=\"40\" maxlength=\"400\" class=\"wpcf7-form-control wpcf7-tel wpcf7-validates-as-required wpcf7-text wpcf7-validates-as-tel style1\" aria-required=\"true\" aria-invalid=\"false\" value=\"\" type=\"tel\" name=\"tel-554\" \/><\/span><\/div>\n<div class=\"input-row\"><label>Seu E-Mail <span>*<\/span><\/label><span class=\"wpcf7-form-control-wrap\" data-name=\"f-email\"><input size=\"40\" maxlength=\"400\" class=\"wpcf7-form-control wpcf7-text style1\" aria-invalid=\"false\" value=\"\" type=\"text\" name=\"f-email\" \/><\/span><\/div>\n<div class=\"input-row\"><label>Descri\u00e7\u00e3o do produto <span>*<\/span><\/label><span class=\"wpcf7-form-control-wrap\" data-name=\"text-787\"><input size=\"40\" maxlength=\"400\" class=\"wpcf7-form-control wpcf7-text style1\" aria-invalid=\"false\" value=\"\" type=\"text\" name=\"text-787\" \/><\/span><\/div>\n<div class=\"input-row\"><label>Sua Mensagem <span>*<\/span><\/label><span class=\"wpcf7-form-control-wrap\" data-name=\"f-message\"><textarea cols=\"40\" rows=\"6\" maxlength=\"2000\" class=\"wpcf7-form-control wpcf7-textarea style1\" aria-invalid=\"false\" name=\"f-message\"><\/textarea><\/span><\/div>\n<p><button class=\"button-style2\" type=\"submit\"><span>Enviar<\/span><\/button><\/div>\n<div class=\"wpcf7-response-output\" aria-hidden=\"true\"><\/div>\n<input type=\"hidden\" name=\"trp-form-language\" value=\"en\"\/><\/form>\n<\/div>","protected":false},"featured_media":1542,"template":"","meta":{"_acf_changed":false,"_joinchat":[]},"product_brand":[],"product_cat":[38],"product_tag":[],"class_list":{"0":"post-1541","1":"product","2":"type-product","3":"status-publish","4":"has-post-thumbnail","6":"product_cat-jeans","8":"first","9":"instock","10":"shipping-taxable","11":"product-type-simple"},"acf":[],"_links":{"self":[{"href":"https:\/\/didafashion.com.br\/en\/wp-json\/wp\/v2\/product\/1541","targetHints":{"allow":["GET"]}}],"collection":[{"href":"https:\/\/didafashion.com.br\/en\/wp-json\/wp\/v2\/product"}],"about":[{"href":"https:\/\/didafashion.com.br\/en\/wp-json\/wp\/v2\/types\/product"}],"wp:featuredmedia":[{"embeddable":true,"href":"https:\/\/didafashion.com.br\/en\/wp-json\/wp\/v2\/media\/1542"}],"wp:attachment":[{"href":"https:\/\/didafashion.com.br\/en\/wp-json\/wp\/v2\/media?parent=1541"}],"wp:term":[{"taxonomy":"product_brand","embeddable":true,"href":"https:\/\/didafashion.com.br\/en\/wp-json\/wp\/v2\/product_brand?post=1541"},{"taxonomy":"product_cat","embeddable":true,"href":"https:\/\/didafashion.com.br\/en\/wp-json\/wp\/v2\/product_cat?post=1541"},{"taxonomy":"product_tag","embeddable":true,"href":"https:\/\/didafashion.com.br\/en\/wp-json\/wp\/v2\/product_tag?post=1541"}],"curies":[{"name":"wp","href":"https:\/\/api.w.org\/{rel}","templated":true}]}}