{"id":1662,"date":"2023-05-24T02:09:51","date_gmt":"2023-05-24T05:09:51","guid":{"rendered":"https:\/\/didafashion.com.br\/?post_type=product&#038;p=1662"},"modified":"2023-05-24T02:11:41","modified_gmt":"2023-05-24T05:11:41","slug":"calca-mariane-color-verde-lima","status":"publish","type":"product","link":"https:\/\/didafashion.com.br\/en\/product\/calca-mariane-color-verde-lima\/","title":{"rendered":"Cal\u00e7a Mariane Color Verde Lima"},"content":{"rendered":"<p>A cal\u00e7a flare \u00e9 uma tend\u00eancia inspirada nas cal\u00e7as boca de sino dos anos 70. Sofisticada, feminina e sensual, este modelo de cal\u00e7a real\u00e7a as curvas do corpo da mulher, sem deixar o visual vulgar. Revisitadas, elas voltaram em cores vivas, com recortes diferentes e c\u00f3s em alturas variadas.<\/p>\n<p>Aten\u00e7\u00e3o: Consulte a etiqueta da pe\u00e7a para as instru\u00e7\u00f5es de higieniza\u00e7\u00e3o.<\/p>","protected":false},"excerpt":{"rendered":"<p>Tecido:<br \/>\nBaldwin Power.<\/p>\n<p>Composi\u00e7\u00e3o:<br \/>\n99% Algod\u00e3o.<br \/>\n1% Elastano.<\/p>\n<p>Disponivel no tamanho:\u00a0<span class=\"group_0\"><label class=\"dimension-Tamanho espec_0 skuespec_34 skuespec_TAMANHO_opcao_34 skuespec_Tamanho_opcao_34\" for=\"31809_Tamanho_0\">34, <\/label><label class=\"dimension-Tamanho espec_0 skuespec_36 skuespec_TAMANHO_opcao_36 skuespec_Tamanho_opcao_36\" for=\"31809_Tamanho_1\">36, <\/label><label class=\"dimension-Tamanho espec_0 skuespec_38 skuespec_TAMANHO_opcao_38 skuespec_Tamanho_opcao_38\" for=\"31809_Tamanho_2\">38, <\/label><label class=\"dimension-Tamanho espec_0 skuespec_40 skuespec_TAMANHO_opcao_40 skuespec_Tamanho_opcao_40\" for=\"31809_Tamanho_3\">40, <\/label><label class=\"dimension-Tamanho espec_0 skuespec_42 skuespec_TAMANHO_opcao_42 skuespec_Tamanho_opcao_42\" for=\"31809_Tamanho_4\">42, <\/label><label class=\"dimension-Tamanho espec_0 skuespec_44 skuespec_TAMANHO_opcao_44 skuespec_Tamanho_opcao_44\" for=\"31809_Tamanho_5\">44, <\/label><label class=\"dimension-Tamanho espec_0 skuespec_46 skuespec_TAMANHO_opcao_46 skuespec_Tamanho_opcao_46\" for=\"31809_Tamanho_6\">46<\/label><\/span><\/p>\n<div class=\"wpcf7 no-js\" id=\"wpcf7-f9-o1\" lang=\"pt-BR\" dir=\"ltr\" data-wpcf7-id=\"9\">\n<div class=\"screen-reader-response\">\n<p role=\"status\" aria-live=\"polite\" aria-atomic=\"true\">\n<ul><\/ul>\n<\/div>\n<form action=\"\/en\/wp-json\/wp\/v2\/product\/1662#wpcf7-f9-o1\" method=\"post\" class=\"wpcf7-form init\" aria-label=\"Formul\u00e1rios de contato\" novalidate=\"novalidate\" data-status=\"init\" data-trp-original-action=\"\/en\/wp-json\/wp\/v2\/product\/1662#wpcf7-f9-o1\">\n<fieldset class=\"hidden-fields-container\"><input type=\"hidden\" name=\"_wpcf7\" value=\"9\" \/><input type=\"hidden\" name=\"_wpcf7_version\" value=\"6.1.5\" \/><input type=\"hidden\" name=\"_wpcf7_locale\" value=\"pt_BR\" \/><input type=\"hidden\" name=\"_wpcf7_unit_tag\" value=\"wpcf7-f9-o1\" \/><input type=\"hidden\" name=\"_wpcf7_container_post\" value=\"0\" \/><input type=\"hidden\" name=\"_wpcf7_posted_data_hash\" value=\"\" \/><br \/>\n<\/fieldset>\n<div class=\"career-form\">\n<p class=\"title-small text-uppercase black-text\">\nTem Interesse? <\/p>\n<p class=\"text-med margin-five\">Preencha o formulario abaixo com o nome do produto que deseja e tamanho que em instantes uma de nossas vendedoras entrara em contato.<\/p>\n<div class=\"separator-line bg-black no-margin-lr margin-ten\"><\/div>\n<div class=\"contact-form\">\n<div class=\"input-row\"><label>Seu Nome <span>*<\/span><\/label><span class=\"wpcf7-form-control-wrap\" data-name=\"f-name\"><input size=\"40\" maxlength=\"400\" class=\"wpcf7-form-control wpcf7-text style1\" aria-invalid=\"false\" value=\"\" type=\"text\" name=\"f-name\" \/><\/span><\/div>\n<div class=\"input-row\"><label>Seu Telefone <span>*<\/span><\/label><span class=\"wpcf7-form-control-wrap\" data-name=\"tel-554\"><input size=\"40\" maxlength=\"400\" class=\"wpcf7-form-control wpcf7-tel wpcf7-validates-as-required wpcf7-text wpcf7-validates-as-tel style1\" aria-required=\"true\" aria-invalid=\"false\" value=\"\" type=\"tel\" name=\"tel-554\" \/><\/span><\/div>\n<div class=\"input-row\"><label>Seu E-Mail <span>*<\/span><\/label><span class=\"wpcf7-form-control-wrap\" data-name=\"f-email\"><input size=\"40\" maxlength=\"400\" class=\"wpcf7-form-control wpcf7-text style1\" aria-invalid=\"false\" value=\"\" type=\"text\" name=\"f-email\" \/><\/span><\/div>\n<div class=\"input-row\"><label>Descri\u00e7\u00e3o do produto <span>*<\/span><\/label><span class=\"wpcf7-form-control-wrap\" data-name=\"text-787\"><input size=\"40\" maxlength=\"400\" class=\"wpcf7-form-control wpcf7-text style1\" aria-invalid=\"false\" value=\"\" type=\"text\" name=\"text-787\" \/><\/span><\/div>\n<div class=\"input-row\"><label>Sua Mensagem <span>*<\/span><\/label><span class=\"wpcf7-form-control-wrap\" data-name=\"f-message\"><textarea cols=\"40\" rows=\"6\" maxlength=\"2000\" class=\"wpcf7-form-control wpcf7-textarea style1\" aria-invalid=\"false\" name=\"f-message\"><\/textarea><\/span><\/div>\n<p><button class=\"button-style2\" type=\"submit\"><span>Enviar<\/span><\/button><\/div>\n<div class=\"wpcf7-response-output\" aria-hidden=\"true\"><\/div>\n<input type=\"hidden\" name=\"trp-form-language\" value=\"en\"\/><\/form>\n<\/div>","protected":false},"featured_media":1663,"template":"","meta":{"_acf_changed":false,"_joinchat":[]},"product_brand":[],"product_cat":[40,36],"product_tag":[],"class_list":{"0":"post-1662","1":"product","2":"type-product","3":"status-publish","4":"has-post-thumbnail","6":"product_cat-calcas","7":"product_cat-roupas","9":"first","10":"instock","11":"shipping-taxable","12":"product-type-simple"},"acf":[],"_links":{"self":[{"href":"https:\/\/didafashion.com.br\/en\/wp-json\/wp\/v2\/product\/1662","targetHints":{"allow":["GET"]}}],"collection":[{"href":"https:\/\/didafashion.com.br\/en\/wp-json\/wp\/v2\/product"}],"about":[{"href":"https:\/\/didafashion.com.br\/en\/wp-json\/wp\/v2\/types\/product"}],"wp:featuredmedia":[{"embeddable":true,"href":"https:\/\/didafashion.com.br\/en\/wp-json\/wp\/v2\/media\/1663"}],"wp:attachment":[{"href":"https:\/\/didafashion.com.br\/en\/wp-json\/wp\/v2\/media?parent=1662"}],"wp:term":[{"taxonomy":"product_brand","embeddable":true,"href":"https:\/\/didafashion.com.br\/en\/wp-json\/wp\/v2\/product_brand?post=1662"},{"taxonomy":"product_cat","embeddable":true,"href":"https:\/\/didafashion.com.br\/en\/wp-json\/wp\/v2\/product_cat?post=1662"},{"taxonomy":"product_tag","embeddable":true,"href":"https:\/\/didafashion.com.br\/en\/wp-json\/wp\/v2\/product_tag?post=1662"}],"curies":[{"name":"wp","href":"https:\/\/api.w.org\/{rel}","templated":true}]}}