{"id":1669,"date":"2023-05-24T02:17:57","date_gmt":"2023-05-24T05:17:57","guid":{"rendered":"https:\/\/didafashion.com.br\/?post_type=product&#038;p=1669"},"modified":"2023-05-24T02:17:57","modified_gmt":"2023-05-24T05:17:57","slug":"calca-suzi-color-preto","status":"publish","type":"product","link":"https:\/\/didafashion.com.br\/en\/product\/calca-suzi-color-preto\/","title":{"rendered":"Cal\u00e7a Suzi Color Preto"},"content":{"rendered":"<p>A nossa cal\u00e7a suzi tem seu estilo confort\u00e1vel, no modelo semi baggy \u00e9 aquela que possui cintura alta e modelagem mais larguinha nos quadris. Ela se tornou muito popular nos anos 90 e hoje \u00e9 adaptada no dias atuais.<\/p>\n<p>Dica de look:<br \/>\nBom, uma das nossas principais dicas \u00e9 combinar a pe\u00e7a com blusas mais justinhas e croppeds. Al\u00e9m disso, usar a baggy com a barra dobrada ou com camisas sociais, tamb\u00e9m pode ser uma \u00f3tima pedida. Ademais, tamb\u00e9m \u00e9 poss\u00edvel usar a cal\u00e7a com jaqueta e botas nos dias mais frios.<\/p>\n<p>Aten\u00e7\u00e3o: Consulte a etiqueta da pe\u00e7a para as instru\u00e7\u00f5es de higieniza\u00e7\u00e3o.<\/p>","protected":false},"excerpt":{"rendered":"<p>Tecido:<br \/>\nRochedo.<\/p>\n<p>Composi\u00e7\u00e3o:<br \/>\n100% Algod\u00e3o.<\/p>\n<p>Disponivel no tamanho:\u00a034, 36, 38, 40, 42, 44, 46<\/p>\n<div class=\"wpcf7 no-js\" id=\"wpcf7-f9-o1\" lang=\"pt-BR\" dir=\"ltr\" data-wpcf7-id=\"9\">\n<div class=\"screen-reader-response\">\n<p role=\"status\" aria-live=\"polite\" aria-atomic=\"true\">\n<ul><\/ul>\n<\/div>\n<form action=\"\/en\/wp-json\/wp\/v2\/product\/1669#wpcf7-f9-o1\" method=\"post\" class=\"wpcf7-form init\" aria-label=\"Formul\u00e1rios de contato\" novalidate=\"novalidate\" data-status=\"init\" data-trp-original-action=\"\/en\/wp-json\/wp\/v2\/product\/1669#wpcf7-f9-o1\">\n<fieldset class=\"hidden-fields-container\"><input type=\"hidden\" name=\"_wpcf7\" value=\"9\" \/><input type=\"hidden\" name=\"_wpcf7_version\" value=\"6.1.5\" \/><input type=\"hidden\" name=\"_wpcf7_locale\" value=\"pt_BR\" \/><input type=\"hidden\" name=\"_wpcf7_unit_tag\" value=\"wpcf7-f9-o1\" \/><input type=\"hidden\" name=\"_wpcf7_container_post\" value=\"0\" \/><input type=\"hidden\" name=\"_wpcf7_posted_data_hash\" value=\"\" \/><br \/>\n<\/fieldset>\n<div class=\"career-form\">\n<p class=\"title-small text-uppercase black-text\">\nTem Interesse? <\/p>\n<p class=\"text-med margin-five\">Preencha o formulario abaixo com o nome do produto que deseja e tamanho que em instantes uma de nossas vendedoras entrara em contato.<\/p>\n<div class=\"separator-line bg-black no-margin-lr margin-ten\"><\/div>\n<div class=\"contact-form\">\n<div class=\"input-row\"><label>Seu Nome <span>*<\/span><\/label><span class=\"wpcf7-form-control-wrap\" data-name=\"f-name\"><input size=\"40\" maxlength=\"400\" class=\"wpcf7-form-control wpcf7-text style1\" aria-invalid=\"false\" value=\"\" type=\"text\" name=\"f-name\" \/><\/span><\/div>\n<div class=\"input-row\"><label>Seu Telefone <span>*<\/span><\/label><span class=\"wpcf7-form-control-wrap\" data-name=\"tel-554\"><input size=\"40\" maxlength=\"400\" class=\"wpcf7-form-control wpcf7-tel wpcf7-validates-as-required wpcf7-text wpcf7-validates-as-tel style1\" aria-required=\"true\" aria-invalid=\"false\" value=\"\" type=\"tel\" name=\"tel-554\" \/><\/span><\/div>\n<div class=\"input-row\"><label>Seu E-Mail <span>*<\/span><\/label><span class=\"wpcf7-form-control-wrap\" data-name=\"f-email\"><input size=\"40\" maxlength=\"400\" class=\"wpcf7-form-control wpcf7-text style1\" aria-invalid=\"false\" value=\"\" type=\"text\" name=\"f-email\" \/><\/span><\/div>\n<div class=\"input-row\"><label>Descri\u00e7\u00e3o do produto <span>*<\/span><\/label><span class=\"wpcf7-form-control-wrap\" data-name=\"text-787\"><input size=\"40\" maxlength=\"400\" class=\"wpcf7-form-control wpcf7-text style1\" aria-invalid=\"false\" value=\"\" type=\"text\" name=\"text-787\" \/><\/span><\/div>\n<div class=\"input-row\"><label>Sua Mensagem <span>*<\/span><\/label><span class=\"wpcf7-form-control-wrap\" data-name=\"f-message\"><textarea cols=\"40\" rows=\"6\" maxlength=\"2000\" class=\"wpcf7-form-control wpcf7-textarea style1\" aria-invalid=\"false\" name=\"f-message\"><\/textarea><\/span><\/div>\n<p><button class=\"button-style2\" type=\"submit\"><span>Enviar<\/span><\/button><\/div>\n<div class=\"wpcf7-response-output\" aria-hidden=\"true\"><\/div>\n<input type=\"hidden\" name=\"trp-form-language\" value=\"en\"\/><\/form>\n<\/div>","protected":false},"featured_media":1671,"template":"","meta":{"_acf_changed":false,"_joinchat":[]},"product_brand":[],"product_cat":[40,36],"product_tag":[],"class_list":{"0":"post-1669","1":"product","2":"type-product","3":"status-publish","4":"has-post-thumbnail","6":"product_cat-calcas","7":"product_cat-roupas","9":"first","10":"instock","11":"shipping-taxable","12":"product-type-simple"},"acf":[],"_links":{"self":[{"href":"https:\/\/didafashion.com.br\/en\/wp-json\/wp\/v2\/product\/1669","targetHints":{"allow":["GET"]}}],"collection":[{"href":"https:\/\/didafashion.com.br\/en\/wp-json\/wp\/v2\/product"}],"about":[{"href":"https:\/\/didafashion.com.br\/en\/wp-json\/wp\/v2\/types\/product"}],"wp:featuredmedia":[{"embeddable":true,"href":"https:\/\/didafashion.com.br\/en\/wp-json\/wp\/v2\/media\/1671"}],"wp:attachment":[{"href":"https:\/\/didafashion.com.br\/en\/wp-json\/wp\/v2\/media?parent=1669"}],"wp:term":[{"taxonomy":"product_brand","embeddable":true,"href":"https:\/\/didafashion.com.br\/en\/wp-json\/wp\/v2\/product_brand?post=1669"},{"taxonomy":"product_cat","embeddable":true,"href":"https:\/\/didafashion.com.br\/en\/wp-json\/wp\/v2\/product_cat?post=1669"},{"taxonomy":"product_tag","embeddable":true,"href":"https:\/\/didafashion.com.br\/en\/wp-json\/wp\/v2\/product_tag?post=1669"}],"curies":[{"name":"wp","href":"https:\/\/api.w.org\/{rel}","templated":true}]}}