{"id":1795,"date":"2023-05-31T22:55:31","date_gmt":"2023-06-01T01:55:31","guid":{"rendered":"https:\/\/didafashion.com.br\/?post_type=product&#038;p=1795"},"modified":"2023-05-31T22:56:15","modified_gmt":"2023-06-01T01:56:15","slug":"calca-morena-rosa-reta-cos-elastico-com-martingale-roxo","status":"publish","type":"product","link":"https:\/\/didafashion.com.br\/en\/product\/calca-morena-rosa-reta-cos-elastico-com-martingale-roxo\/","title":{"rendered":"Calca Morena Rosa Reta C\u00f3s El\u00e1stico Com Martingale Roxo"},"content":{"rendered":"<p>Cal\u00e7a reta c\u00f3s el\u00e1stico com martingale. Feita em crepe leve, a cal\u00e7a reta MR foi desenvolvida para trazer mais conforto para rotinas mais intensas. Com el\u00e1stico martingale na cintura, a pe\u00e7a imprime uma composi\u00e7\u00e3o chic na medida e pode ser combinada com diversos cal\u00e7ados e blusas. Garanta a sua!<\/p>","protected":false},"excerpt":{"rendered":"<p>Parte PE\u00c7A<br \/>\nComposi\u00e7\u00f5es: POLIESTER 100%,<br \/>\nParte FORRO<br \/>\nComposi\u00e7\u00f5es: POLIESTER 97%, ELASTANO 3%<\/p>\n<div class=\"wpcf7 no-js\" id=\"wpcf7-f9-o1\" lang=\"pt-BR\" dir=\"ltr\" data-wpcf7-id=\"9\">\n<div class=\"screen-reader-response\">\n<p role=\"status\" aria-live=\"polite\" aria-atomic=\"true\">\n<ul><\/ul>\n<\/div>\n<form action=\"\/en\/wp-json\/wp\/v2\/product\/1795#wpcf7-f9-o1\" method=\"post\" class=\"wpcf7-form init\" aria-label=\"Formul\u00e1rios de contato\" novalidate=\"novalidate\" data-status=\"init\" data-trp-original-action=\"\/en\/wp-json\/wp\/v2\/product\/1795#wpcf7-f9-o1\">\n<fieldset class=\"hidden-fields-container\"><input type=\"hidden\" name=\"_wpcf7\" value=\"9\" \/><input type=\"hidden\" name=\"_wpcf7_version\" value=\"6.1.5\" \/><input type=\"hidden\" name=\"_wpcf7_locale\" value=\"pt_BR\" \/><input type=\"hidden\" name=\"_wpcf7_unit_tag\" value=\"wpcf7-f9-o1\" \/><input type=\"hidden\" name=\"_wpcf7_container_post\" value=\"0\" \/><input type=\"hidden\" name=\"_wpcf7_posted_data_hash\" value=\"\" \/><br \/>\n<\/fieldset>\n<div class=\"career-form\">\n<p class=\"title-small text-uppercase black-text\">\nTem Interesse? <\/p>\n<p class=\"text-med margin-five\">Preencha o formulario abaixo com o nome do produto que deseja e tamanho que em instantes uma de nossas vendedoras entrara em contato.<\/p>\n<div class=\"separator-line bg-black no-margin-lr margin-ten\"><\/div>\n<div class=\"contact-form\">\n<div class=\"input-row\"><label>Seu Nome <span>*<\/span><\/label><span class=\"wpcf7-form-control-wrap\" data-name=\"f-name\"><input size=\"40\" maxlength=\"400\" class=\"wpcf7-form-control wpcf7-text style1\" aria-invalid=\"false\" value=\"\" type=\"text\" name=\"f-name\" \/><\/span><\/div>\n<div class=\"input-row\"><label>Seu Telefone <span>*<\/span><\/label><span class=\"wpcf7-form-control-wrap\" data-name=\"tel-554\"><input size=\"40\" maxlength=\"400\" class=\"wpcf7-form-control wpcf7-tel wpcf7-validates-as-required wpcf7-text wpcf7-validates-as-tel style1\" aria-required=\"true\" aria-invalid=\"false\" value=\"\" type=\"tel\" name=\"tel-554\" \/><\/span><\/div>\n<div class=\"input-row\"><label>Seu E-Mail <span>*<\/span><\/label><span class=\"wpcf7-form-control-wrap\" data-name=\"f-email\"><input size=\"40\" maxlength=\"400\" class=\"wpcf7-form-control wpcf7-text style1\" aria-invalid=\"false\" value=\"\" type=\"text\" name=\"f-email\" \/><\/span><\/div>\n<div class=\"input-row\"><label>Descri\u00e7\u00e3o do produto <span>*<\/span><\/label><span class=\"wpcf7-form-control-wrap\" data-name=\"text-787\"><input size=\"40\" maxlength=\"400\" class=\"wpcf7-form-control wpcf7-text style1\" aria-invalid=\"false\" value=\"\" type=\"text\" name=\"text-787\" \/><\/span><\/div>\n<div class=\"input-row\"><label>Sua Mensagem <span>*<\/span><\/label><span class=\"wpcf7-form-control-wrap\" data-name=\"f-message\"><textarea cols=\"40\" rows=\"6\" maxlength=\"2000\" class=\"wpcf7-form-control wpcf7-textarea style1\" aria-invalid=\"false\" name=\"f-message\"><\/textarea><\/span><\/div>\n<p><button class=\"button-style2\" type=\"submit\"><span>Enviar<\/span><\/button><\/div>\n<div class=\"wpcf7-response-output\" aria-hidden=\"true\"><\/div>\n<input type=\"hidden\" name=\"trp-form-language\" value=\"en\"\/><\/form>\n<\/div>","protected":false},"featured_media":1797,"template":"","meta":{"_acf_changed":false,"_joinchat":[]},"product_brand":[],"product_cat":[40,36],"product_tag":[],"class_list":{"0":"post-1795","1":"product","2":"type-product","3":"status-publish","4":"has-post-thumbnail","6":"product_cat-calcas","7":"product_cat-roupas","9":"first","10":"instock","11":"shipping-taxable","12":"product-type-simple"},"acf":[],"_links":{"self":[{"href":"https:\/\/didafashion.com.br\/en\/wp-json\/wp\/v2\/product\/1795","targetHints":{"allow":["GET"]}}],"collection":[{"href":"https:\/\/didafashion.com.br\/en\/wp-json\/wp\/v2\/product"}],"about":[{"href":"https:\/\/didafashion.com.br\/en\/wp-json\/wp\/v2\/types\/product"}],"wp:featuredmedia":[{"embeddable":true,"href":"https:\/\/didafashion.com.br\/en\/wp-json\/wp\/v2\/media\/1797"}],"wp:attachment":[{"href":"https:\/\/didafashion.com.br\/en\/wp-json\/wp\/v2\/media?parent=1795"}],"wp:term":[{"taxonomy":"product_brand","embeddable":true,"href":"https:\/\/didafashion.com.br\/en\/wp-json\/wp\/v2\/product_brand?post=1795"},{"taxonomy":"product_cat","embeddable":true,"href":"https:\/\/didafashion.com.br\/en\/wp-json\/wp\/v2\/product_cat?post=1795"},{"taxonomy":"product_tag","embeddable":true,"href":"https:\/\/didafashion.com.br\/en\/wp-json\/wp\/v2\/product_tag?post=1795"}],"curies":[{"name":"wp","href":"https:\/\/api.w.org\/{rel}","templated":true}]}}